{"id":96,"date":"2017-12-02T14:22:30","date_gmt":"2017-12-02T13:22:30","guid":{"rendered":"https:\/\/larcade790106706.wordpress.com\/?page_id=96"},"modified":"2017-12-16T18:28:57","modified_gmt":"2017-12-16T17:28:57","slug":"consommation-deau","status":"publish","type":"page","link":"http:\/\/larcade.ch\/larcadewp2\/locataires\/consommation-deau\/","title":{"rendered":"Consommation d&rsquo;eau"},"content":{"rendered":"<p>Consommation d&rsquo;eau<\/p>\n<p style=\"text-align: justify;\">Il nous arrive d&rsquo;oublier que l&rsquo;eau est essentielle \u00e0 la vie des humains comme \u00e0 celle des plantes. Nous n&rsquo;en prenons malheureusement conscience que lorsqu&rsquo;elle pourrait nous manquer en cas de s\u00e9cheresse notamment.<\/p>\n<p style=\"text-align: justify;\">S&rsquo;il nous suffit d&rsquo;ouvrir un robinet pour obtenir de l&rsquo;eau, nous devons penser que le traitement de l&rsquo;eau, son acheminement et la gestion des eaux us\u00e9es demandent une \u00e9nergie consid\u00e9rable. Pour r\u00e9duire notre consommation, quelques gestes simples et \u00e9conomes dans notre vie de tous les jours peuvent \u00eatre utiles:<\/p>\n<p style=\"text-align: justify;\">&#8211; lorsqu&rsquo;on prend une douche on utilise environ 15 \u00e0 20 litres, alors qu&rsquo;en comparaison, un bain demande 250 \u00e0 300 litres,<br \/>\n&#8211; avec les nouvelles lessives, le pr\u00e9lavage du linge n&rsquo;est pas forc\u00e9ment n\u00e9cessaire,<br \/>\n&#8211; rincer la vaisselle dans la plonge plut\u00f4t que sous le robinet,<br \/>\n&#8211; etc.<\/p>\n<p style=\"text-align: justify;\">En outre, de faibles d\u00e9bits de fuite en provenance de chasses W-C ou de robinetteries peuvent avoir pour cons\u00e9quence de fortes hausses de consommation d&rsquo;eau. Par exemple, un d\u00e9bit de fuite de 2 litres\/minute repr\u00e9sente sur une ann\u00e9e une consommation de 1050 m3 d&rsquo;eau, soit un total de Fr. 2&rsquo;500.&#8211;! Cet exemple est la repr\u00e9sentation d&rsquo;une chasse W-C qui coule en permanence.<\/p>\n<p style=\"text-align: justify;\">Afin d&rsquo;\u00e9viter ce gaspillage, il suffit \u00e0 chacun d&rsquo;entre nous de contr\u00f4ler les installations sanitaires de son logement ou de son immeuble et d&rsquo;en avertir la g\u00e9rance en cas de d\u00e9fectuosit\u00e9.<\/p>\n","protected":false},"excerpt":{"rendered":"<p>Consommation d&rsquo;eau Il nous arrive d&rsquo;oublier que l&rsquo;eau est essentielle \u00e0 la vie des humains comme \u00e0 celle des plantes. Nous n&rsquo;en [&hellip;]<\/p>\n","protected":false},"author":1,"featured_media":0,"parent":78,"menu_order":7,"comment_status":"closed","ping_status":"closed","template":"","meta":{"footnotes":""},"class_list":["post-96","page","type-page","status-publish","hentry"],"_links":{"self":[{"href":"http:\/\/larcade.ch\/larcadewp2\/wp-json\/wp\/v2\/pages\/96","targetHints":{"allow":["GET"]}}],"collection":[{"href":"http:\/\/larcade.ch\/larcadewp2\/wp-json\/wp\/v2\/pages"}],"about":[{"href":"http:\/\/larcade.ch\/larcadewp2\/wp-json\/wp\/v2\/types\/page"}],"author":[{"embeddable":true,"href":"http:\/\/larcade.ch\/larcadewp2\/wp-json\/wp\/v2\/users\/1"}],"replies":[{"embeddable":true,"href":"http:\/\/larcade.ch\/larcadewp2\/wp-json\/wp\/v2\/comments?post=96"}],"version-history":[{"count":1,"href":"http:\/\/larcade.ch\/larcadewp2\/wp-json\/wp\/v2\/pages\/96\/revisions"}],"predecessor-version":[{"id":553,"href":"http:\/\/larcade.ch\/larcadewp2\/wp-json\/wp\/v2\/pages\/96\/revisions\/553"}],"up":[{"embeddable":true,"href":"http:\/\/larcade.ch\/larcadewp2\/wp-json\/wp\/v2\/pages\/78"}],"wp:attachment":[{"href":"http:\/\/larcade.ch\/larcadewp2\/wp-json\/wp\/v2\/media?parent=96"}],"curies":[{"name":"wp","href":"https:\/\/api.w.org\/{rel}","templated":true}]}}