{"id":94,"date":"2017-12-02T14:20:33","date_gmt":"2017-12-02T13:20:33","guid":{"rendered":"https:\/\/larcade790106706.wordpress.com\/?page_id=94"},"modified":"2017-12-16T18:30:10","modified_gmt":"2017-12-16T17:30:10","slug":"le-role-du-concierge","status":"publish","type":"page","link":"http:\/\/larcade.ch\/larcadewp2\/locataires\/le-role-du-concierge\/","title":{"rendered":"Le r\u00f4le du concierge"},"content":{"rendered":"<p>Le r\u00f4le du concierge<\/p>\n<p style=\"text-align: justify;\">Assumer la garde de quelque chose, c&rsquo;est \u00eatre investi d&rsquo;une confiance absolue de la part de celui qui vous donne la chose \u00e0 garder. Le propri\u00e9taire d&rsquo;un immeuble, par le biais de son repr\u00e9sentant, le r\u00e9gisseur, en engageant un concierge, lui confie la garde de son bien, en l&rsquo;occurrence son immeuble. Il t\u00e9moigne ainsi de sa confiance et a la certitude qu&rsquo;en retour, la personne en charge de la fonction de concierge veillera sur sa chose avec soin et diligence.<\/p>\n<p style=\"text-align: justify;\">Aujourd&rsquo;hui, le concierge n&rsquo;est plus uniquement un simple gardien de la propret\u00e9 des lieux; il devient de plus en plus un interlocuteur indispensable pour les locataires et le r\u00e9gisseur.<\/p>\n<p style=\"text-align: justify;\">Il y a quelques ann\u00e9es de cela, pour \u00eatre un bon concierge, il suffisait de savoir tenir proprement un immeuble, d&rsquo;\u00eatre bricoleur, d&rsquo;avoir la main un peu verte. Aujourd&rsquo;hui, ces qualit\u00e9s, toujours indispensables, ne suffisent plus. Il faut, en plus de cela, disposer d&rsquo;une qualit\u00e9 d&rsquo;\u00e9coute, de communication et de diplomatie beaucoup plus grande. Il faut \u00e9galement aimer rendre service, notion qui, dans notre soci\u00e9t\u00e9 actuelle, tend malheureusement \u00e0 dispara\u00eetre. Cette mutation profonde a conduit divers organismes \u00e0 mettre sur pied de v\u00e9ritables formations qui pr\u00e9parent \u00e0 la profession de concierge, aujourd&rsquo;hui reconnue par l&rsquo;OFIAMT (Office f\u00e9d\u00e9ral de l&rsquo;industrie des Arts et M\u00e9tiers et du travail). Dans notre canton, le CEFIL, (Centre d&rsquo;\u00e9tudes et de formation int\u00e9gr\u00e9e du L\u00e9man), \u00e0 Morges, met actuellement sur pied une formation-type, sur plusieurs axes. Outre les indispensables connaissances techniques, font \u00e9galement l&rsquo;objet d&rsquo;un soin attentif la formation psychologique et \u00e9ducative du concierge. Le travail de concierge demande \u00e0 la fois des connaissances techniques et des qualit\u00e9s humaines \u00e9largies. Il faut \u00eatre un bon diplomate, faire preuve d&rsquo;une grande ma\u00eetrise de soi, \u00eatre patient, compr\u00e9hensif mais pas laxiste, bon communicateur, convaincant.<\/p>\n<p style=\"text-align: justify;\">En clair, cette attitude se traduit par une conduite exemplaire qui fait notamment que l&rsquo;on n&rsquo;injurie pas le locataire qui omet de rendre la clef de la chambre \u00e0 lessive, que l&rsquo;on n&rsquo;insulte pas le visiteur du locataire qui stationne en dehors des cases pr\u00e9vues \u00e0 cet effet. Dans un m\u00eame ordre d&rsquo;id\u00e9es, on \u00e9vite d&rsquo;apostropher Mme Dupont dont les enfants ont appos\u00e9 leurs marques de doigts sur la vitre du hall d&rsquo;entr\u00e9e fra\u00eechement nettoy\u00e9e. Diplomatie ne veut cependant pas dire absence de fermet\u00e9. Il a le droit de se montrer exigeant avec les locataires.<\/p>\n","protected":false},"excerpt":{"rendered":"<p>Le r\u00f4le du concierge Assumer la garde de quelque chose, c&rsquo;est \u00eatre investi d&rsquo;une confiance absolue de la part de celui qui [&hellip;]<\/p>\n","protected":false},"author":1,"featured_media":0,"parent":78,"menu_order":10,"comment_status":"closed","ping_status":"closed","template":"","meta":{"footnotes":""},"class_list":["post-94","page","type-page","status-publish","hentry"],"_links":{"self":[{"href":"http:\/\/larcade.ch\/larcadewp2\/wp-json\/wp\/v2\/pages\/94","targetHints":{"allow":["GET"]}}],"collection":[{"href":"http:\/\/larcade.ch\/larcadewp2\/wp-json\/wp\/v2\/pages"}],"about":[{"href":"http:\/\/larcade.ch\/larcadewp2\/wp-json\/wp\/v2\/types\/page"}],"author":[{"embeddable":true,"href":"http:\/\/larcade.ch\/larcadewp2\/wp-json\/wp\/v2\/users\/1"}],"replies":[{"embeddable":true,"href":"http:\/\/larcade.ch\/larcadewp2\/wp-json\/wp\/v2\/comments?post=94"}],"version-history":[{"count":1,"href":"http:\/\/larcade.ch\/larcadewp2\/wp-json\/wp\/v2\/pages\/94\/revisions"}],"predecessor-version":[{"id":555,"href":"http:\/\/larcade.ch\/larcadewp2\/wp-json\/wp\/v2\/pages\/94\/revisions\/555"}],"up":[{"embeddable":true,"href":"http:\/\/larcade.ch\/larcadewp2\/wp-json\/wp\/v2\/pages\/78"}],"wp:attachment":[{"href":"http:\/\/larcade.ch\/larcadewp2\/wp-json\/wp\/v2\/media?parent=94"}],"curies":[{"name":"wp","href":"https:\/\/api.w.org\/{rel}","templated":true}]}}