{"id":86,"date":"2017-12-02T14:13:24","date_gmt":"2017-12-02T13:13:24","guid":{"rendered":"https:\/\/larcade790106706.wordpress.com\/?page_id=86"},"modified":"2017-12-16T18:27:11","modified_gmt":"2017-12-16T17:27:11","slug":"etat-des-lieux","status":"publish","type":"page","link":"http:\/\/larcade.ch\/larcadewp2\/locataires\/etat-des-lieux\/","title":{"rendered":"Etat des lieux"},"content":{"rendered":"<p style=\"text-align: justify;\">L&rsquo;\u00e9tat des lieux de sortie<\/p>\n<p style=\"text-align: justify;\">L&rsquo;\u00e9tat des lieux de sortie est l&rsquo;une des multiples \u00e9tapes de l&rsquo;aventure qui g\u00e9n\u00e8re fr\u00e9quemment quelques inqui\u00e9tudes chez les locataires sur le d\u00e9part. Or, s&rsquo;il est bien pr\u00e9par\u00e9, ce rendez-vous important avec votre g\u00e9rant se transformera en simple formalit\u00e9.Quelques temps avant son d\u00e9m\u00e9nagement, le locataire concern\u00e9 recevra de la g\u00e9rance un formulaire intitul\u00e9 \u00ab\u00a0Etat des lieux, \u00e0 lire attentivement\u00a0\u00bb: en l&rsquo;esp\u00e8ce, il s&rsquo;agit d&rsquo;un petit aide-m\u00e9moire destin\u00e9 \u00e0 rappeler quelques points importants auxquels la personne int\u00e9ress\u00e9e devra pr\u00eater attention.<\/p>\n<p style=\"text-align: justify;\">On y rappelle notamment que les locaux doivent \u00eatre &#8230;vides, ce qui semble normal, que certains \u00e9l\u00e9ments d\u00e9fectueux doivent \u00eatre remplac\u00e9s \u00e0 la charge du locataire, cas \u00e9ch\u00e9ant. Plusieurs points concernent plus particuli\u00e8rement le nettoyage des locaux. On oublie trop souvent que les exigences de propret\u00e9 sont avant tout destin\u00e9es au confort du prochain locataire. Chacun d&rsquo;entre nous conviendra qu&rsquo;il est particuli\u00e8rement d\u00e9sagr\u00e9able d&rsquo;avoir \u00e0 d\u00e9buter son s\u00e9jour dans un appartement par des corv\u00e9es de nettoyage. Le locataire sortant veillera particuli\u00e8rement \u00e0 laver et lessiver consciencieusement toutes les parties qui peuvent l&rsquo;\u00eatre, dont notamment la cuisine et les locaux sanitaires.<\/p>\n<p style=\"text-align: justify;\">Un simple coup de balai est donc insuffisant. Encore une fois, le locataire entrant vous sera reconnaissant de lui transmettre les locaux dans un parfait \u00e9tat de propret\u00e9.<\/p>\n<p style=\"text-align: justify;\">\n<p style=\"text-align: justify;\">Si les quelques directives, en v\u00e9rit\u00e9 peu contaignantes, que nous donnons sont respect\u00e9es, l&rsquo;\u00e9tat des lieux de sortie se d\u00e9roulera dans des conditions id\u00e9ales, tant pour la personne reprenant les locaux que pour le g\u00e9rant et le locataire sortant.Si d&rsquo;aventure vous avez quelques doutes sur les t\u00e2ches qui vous incombent, nous vous rappelons que nos services sont \u00e0 votre enti\u00e8re disposition pour vous renseigner.<\/p>\n","protected":false},"excerpt":{"rendered":"<p>L&rsquo;\u00e9tat des lieux de sortie L&rsquo;\u00e9tat des lieux de sortie est l&rsquo;une des multiples \u00e9tapes de l&rsquo;aventure qui g\u00e9n\u00e8re fr\u00e9quemment quelques inqui\u00e9tudes [&hellip;]<\/p>\n","protected":false},"author":1,"featured_media":0,"parent":78,"menu_order":4,"comment_status":"closed","ping_status":"closed","template":"","meta":{"footnotes":""},"class_list":["post-86","page","type-page","status-publish","hentry"],"_links":{"self":[{"href":"http:\/\/larcade.ch\/larcadewp2\/wp-json\/wp\/v2\/pages\/86","targetHints":{"allow":["GET"]}}],"collection":[{"href":"http:\/\/larcade.ch\/larcadewp2\/wp-json\/wp\/v2\/pages"}],"about":[{"href":"http:\/\/larcade.ch\/larcadewp2\/wp-json\/wp\/v2\/types\/page"}],"author":[{"embeddable":true,"href":"http:\/\/larcade.ch\/larcadewp2\/wp-json\/wp\/v2\/users\/1"}],"replies":[{"embeddable":true,"href":"http:\/\/larcade.ch\/larcadewp2\/wp-json\/wp\/v2\/comments?post=86"}],"version-history":[{"count":1,"href":"http:\/\/larcade.ch\/larcadewp2\/wp-json\/wp\/v2\/pages\/86\/revisions"}],"predecessor-version":[{"id":550,"href":"http:\/\/larcade.ch\/larcadewp2\/wp-json\/wp\/v2\/pages\/86\/revisions\/550"}],"up":[{"embeddable":true,"href":"http:\/\/larcade.ch\/larcadewp2\/wp-json\/wp\/v2\/pages\/78"}],"wp:attachment":[{"href":"http:\/\/larcade.ch\/larcadewp2\/wp-json\/wp\/v2\/media?parent=86"}],"curies":[{"name":"wp","href":"https:\/\/api.w.org\/{rel}","templated":true}]}}