{"id":78,"date":"2017-12-02T13:54:36","date_gmt":"2017-12-02T12:54:36","guid":{"rendered":"https:\/\/larcade790106706.wordpress.com\/?page_id=78"},"modified":"2017-12-16T18:24:36","modified_gmt":"2017-12-16T17:24:36","slug":"locataires","status":"publish","type":"page","link":"http:\/\/larcade.ch\/larcadewp2\/locataires\/","title":{"rendered":"Locataires"},"content":{"rendered":"<p><span style=\"font-family: Arial, sans-serif; font-size: 12pt;\">Cette page est \u00e0 disposition des locataires, ils y trouveront nos derni\u00e8res informations et d&rsquo;autres renseignements utiles. N&rsquo;h\u00e9sitez pas \u00e0 nous informer si vous d\u00e9sirez une rubrique en particulier, nous ferons tout notre possible pour la mettre \u00e0 votre disposition.<\/span><\/p>\n<ul>\n<li><span style=\"text-decoration: underline;\"><span style=\"color: #000000; text-decoration: underline;\"><a style=\"color: #000000; text-decoration: underline;\" href=\"http:\/\/larcade.ch\/larcadewp2\/locataires\/recherche-dun-logement\/\"><span style=\"font-family: arial,helvetica,sans-serif; font-size: 12pt;\">Recherche d&rsquo;un logement <\/span><\/a><\/span><\/span><\/li>\n<li><span style=\"text-decoration: underline;\"><span style=\"color: #000000; text-decoration: underline;\"><a style=\"color: #000000; text-decoration: underline;\" href=\"http:\/\/larcade.ch\/larcadewp2\/locataires\/demenagement\/\"><span style=\"font-family: arial,helvetica,sans-serif; font-size: 12pt;\">D\u00e9m\u00e9nagement<\/span><\/a><\/span><\/span><\/li>\n<li><span style=\"text-decoration: underline;\"><span style=\"color: #000000; text-decoration: underline;\"><a style=\"color: #000000; text-decoration: underline;\" href=\"http:\/\/larcade.ch\/larcadewp2\/locataires\/etat-des-lieux\/\"><span style=\"font-family: arial,helvetica,sans-serif; font-size: 12pt;\">Etat des lieux<\/span><\/a><\/span><\/span><\/li>\n<li><span style=\"text-decoration: underline;\"><span style=\"color: #000000; text-decoration: underline;\"><a style=\"color: #000000; text-decoration: underline;\" href=\"http:\/\/larcade.ch\/larcadewp2\/locataires\/decompte-de-chauffage\/\"><span style=\"font-family: arial,helvetica,sans-serif; font-size: 12pt;\">D\u00e9compte de chauffage<\/span><\/a><\/span><\/span><\/li>\n<li><span style=\"text-decoration: underline;\"><span style=\"color: #000000; text-decoration: underline;\"><a style=\"color: #000000; text-decoration: underline;\" href=\"http:\/\/larcade.ch\/larcadewp2\/locataires\/resiliation-du-bail\/\"><span style=\"font-family: arial,helvetica,sans-serif; font-size: 12pt;\">R\u00e9siliation du bail<\/span><\/a><\/span><\/span><\/li>\n<li><span style=\"text-decoration: underline;\"><span style=\"color: #000000; text-decoration: underline;\"><a style=\"color: #000000; text-decoration: underline;\" href=\"http:\/\/larcade.ch\/larcadewp2\/services\/\"><span style=\"font-family: arial,helvetica,sans-serif; font-size: 12pt;\">Services<\/span><\/a><\/span><\/span><\/li>\n<li><span style=\"text-decoration: underline;\"><span style=\"color: #000000; text-decoration: underline;\"><a style=\"color: #000000; text-decoration: underline;\" href=\"http:\/\/larcade.ch\/larcadewp2\/locataires\/garantie-de-loyer\/\"><span style=\"font-family: arial,helvetica,sans-serif; font-size: 12pt;\">Garantie de loyer<\/span><\/a><\/span><\/span><\/li>\n<li><span style=\"text-decoration: underline;\"><span style=\"color: #000000; text-decoration: underline;\"><a style=\"color: #000000; text-decoration: underline;\" href=\"http:\/\/larcade.ch\/larcadewp2\/locataires\/sous-location\/\"><span style=\"font-family: arial,helvetica,sans-serif; font-size: 12pt;\">Sous-location<\/span><\/a><\/span><\/span><\/li>\n<li><span style=\"text-decoration: underline;\"><span style=\"color: #000000; text-decoration: underline;\"><a style=\"color: #000000; text-decoration: underline;\" href=\"http:\/\/larcade.ch\/larcadewp2\/locataires\/consommation-deau\/\"><span style=\"font-family: arial,helvetica,sans-serif; font-size: 12pt;\">Consommation d&rsquo;eau<\/span><\/a><\/span><\/span><\/li>\n<li><span style=\"text-decoration: underline;\"><span style=\"color: #000000; text-decoration: underline;\"><a style=\"color: #000000; text-decoration: underline;\" href=\"http:\/\/larcade.ch\/larcadewp2\/locataires\/regles-et-usages-du-canton-de-vaud\/\"><span style=\"font-family: arial,helvetica,sans-serif; font-size: 12pt;\">Dispositions paritaires romandes<\/span><\/a><\/span><\/span><\/li>\n<li><span style=\"text-decoration: underline;\"><span style=\"color: #000000; text-decoration: underline;\"><a style=\"color: #000000; text-decoration: underline;\" href=\"http:\/\/larcade.ch\/larcadewp2\/locataires\/octroit-dun-logement-subventionne\/\"><span style=\"font-family: arial,helvetica,sans-serif; font-size: 12pt;\">Octroit d\u2019un logement subventionn\u00e9<\/span><\/a><\/span><\/span><\/li>\n<li><span style=\"text-decoration: underline;\"><span style=\"color: #000000; text-decoration: underline;\"><a style=\"color: #000000; text-decoration: underline;\" href=\"http:\/\/larcade.ch\/larcadewp2\/locataires\/le-role-du-concierge\/\"><span style=\"font-family: arial,helvetica,sans-serif; font-size: 12pt;\">Le r\u00f4le du concierge<\/span><\/a><\/span><\/span><\/li>\n<\/ul>\n","protected":false},"excerpt":{"rendered":"<p>Cette page est \u00e0 disposition des locataires, ils y trouveront nos derni\u00e8res informations et d&rsquo;autres renseignements utiles. N&rsquo;h\u00e9sitez pas \u00e0 nous informer [&hellip;]<\/p>\n","protected":false},"author":1,"featured_media":0,"parent":0,"menu_order":4,"comment_status":"closed","ping_status":"closed","template":"","meta":{"footnotes":""},"class_list":["post-78","page","type-page","status-publish","hentry"],"_links":{"self":[{"href":"http:\/\/larcade.ch\/larcadewp2\/wp-json\/wp\/v2\/pages\/78","targetHints":{"allow":["GET"]}}],"collection":[{"href":"http:\/\/larcade.ch\/larcadewp2\/wp-json\/wp\/v2\/pages"}],"about":[{"href":"http:\/\/larcade.ch\/larcadewp2\/wp-json\/wp\/v2\/types\/page"}],"author":[{"embeddable":true,"href":"http:\/\/larcade.ch\/larcadewp2\/wp-json\/wp\/v2\/users\/1"}],"replies":[{"embeddable":true,"href":"http:\/\/larcade.ch\/larcadewp2\/wp-json\/wp\/v2\/comments?post=78"}],"version-history":[{"count":3,"href":"http:\/\/larcade.ch\/larcadewp2\/wp-json\/wp\/v2\/pages\/78\/revisions"}],"predecessor-version":[{"id":547,"href":"http:\/\/larcade.ch\/larcadewp2\/wp-json\/wp\/v2\/pages\/78\/revisions\/547"}],"wp:attachment":[{"href":"http:\/\/larcade.ch\/larcadewp2\/wp-json\/wp\/v2\/media?parent=78"}],"curies":[{"name":"wp","href":"https:\/\/api.w.org\/{rel}","templated":true}]}}