{"id":63,"date":"2017-12-02T11:50:27","date_gmt":"2017-12-02T10:50:27","guid":{"rendered":"https:\/\/larcade790106706.wordpress.com\/?page_id=63"},"modified":"2017-12-16T18:12:49","modified_gmt":"2017-12-16T17:12:49","slug":"acces-a-la-propriete","status":"publish","type":"page","link":"http:\/\/larcade.ch\/larcadewp2\/proprietaires-2\/acces-a-la-propriete\/","title":{"rendered":"Acc\u00e8s \u00e0 la propri\u00e9t\u00e9"},"content":{"rendered":"<p style=\"text-align: justify;\"><strong>VOUS DESIREZ ACCEDER A LA PROPRIETE IMMOBILIERE<\/strong><\/p>\n<p style=\"text-align: justify;\">Il est important de d\u00e9finir les besoins, les raisons qui vous poussent \u00e0 vous int\u00e9resser \u00e0 l&rsquo;acquisition d&rsquo;un bien immobilier. Voici quelques questions \u00e0 (se) poser<\/p>\n<p style=\"text-align: justify;\">de quel genre de logement avez-vous besoin\u00a0? Appartement ou villa\u00a0?<\/p>\n<ul style=\"text-align: justify;\">\n<li>souhaiteriez-vous trouver du neuf ou plut\u00f4t de l&rsquo;ancien\u00a0?<\/li>\n<li>quelles sont les commodit\u00e9s importantes que vous souhaitez trouver proche de l&rsquo;objet \u00e0 vendre\u00a0? Ecoles, banques, postes, magasins, transports, etc&#8230;<\/li>\n<li>combien de fonds propres avez-vous \u00e0 disposition\u00a0?<\/li>\n<li>avez-vous d\u00e9j\u00e0 effectu\u00e9 un plan financier\u00a0?<\/li>\n<\/ul>\n<p style=\"text-align: justify;\"><strong>RECHERCHE PRATIQUE\u00a0:<\/strong><\/p>\n<p style=\"text-align: justify;\">Consultez r\u00e9guli\u00e8rement les annonces immobili\u00e8res dans les diff\u00e9rents quotidiens de la r\u00e9gion. Prenez contact avec les agences et les courtiers et n&rsquo;h\u00e9sitez pas \u00e0 leur demander conseil. Exprimez vos crit\u00e8res de s\u00e9lection, par exemple\u00a0: appartement de 4 pi\u00e8ces de 100 m2 jusqu&rsquo;au prix maximum de fr. 650&rsquo;000.-, dans la r\u00e9gion veveysanne.. Prenez le temps de visiter les logements pr\u00e9s\u00e9lectionn\u00e9s.<\/p>\n<p style=\"text-align: justify;\"><strong>BUDGET, PLAN FINANCIER<\/strong><\/p>\n<p style=\"text-align: justify;\">C&rsquo;est tr\u00e8s volontiers que nous nous tenons \u00e0 votre enti\u00e8re disposition pour tous renseignements que vous souhaiteriez obtenir.<\/p>\n<p style=\"text-align: justify;\">Contactez-nous, vous pourrez profiter de nos comp\u00e9tences pour la calculation de plan financier, qui vous permettra d&rsquo;avoir un ordre de grandeur des mensualit\u00e9s de propri\u00e9taire, par rapport au prix de vente de l&rsquo;objet et des fonds propres investis.<\/p>\n","protected":false},"excerpt":{"rendered":"<p>VOUS DESIREZ ACCEDER A LA PROPRIETE IMMOBILIERE Il est important de d\u00e9finir les besoins, les raisons qui vous poussent \u00e0 vous int\u00e9resser [&hellip;]<\/p>\n","protected":false},"author":1,"featured_media":0,"parent":60,"menu_order":2,"comment_status":"closed","ping_status":"closed","template":"","meta":{"footnotes":""},"class_list":["post-63","page","type-page","status-publish","hentry"],"_links":{"self":[{"href":"http:\/\/larcade.ch\/larcadewp2\/wp-json\/wp\/v2\/pages\/63","targetHints":{"allow":["GET"]}}],"collection":[{"href":"http:\/\/larcade.ch\/larcadewp2\/wp-json\/wp\/v2\/pages"}],"about":[{"href":"http:\/\/larcade.ch\/larcadewp2\/wp-json\/wp\/v2\/types\/page"}],"author":[{"embeddable":true,"href":"http:\/\/larcade.ch\/larcadewp2\/wp-json\/wp\/v2\/users\/1"}],"replies":[{"embeddable":true,"href":"http:\/\/larcade.ch\/larcadewp2\/wp-json\/wp\/v2\/comments?post=63"}],"version-history":[{"count":1,"href":"http:\/\/larcade.ch\/larcadewp2\/wp-json\/wp\/v2\/pages\/63\/revisions"}],"predecessor-version":[{"id":545,"href":"http:\/\/larcade.ch\/larcadewp2\/wp-json\/wp\/v2\/pages\/63\/revisions\/545"}],"up":[{"embeddable":true,"href":"http:\/\/larcade.ch\/larcadewp2\/wp-json\/wp\/v2\/pages\/60"}],"wp:attachment":[{"href":"http:\/\/larcade.ch\/larcadewp2\/wp-json\/wp\/v2\/media?parent=63"}],"curies":[{"name":"wp","href":"https:\/\/api.w.org\/{rel}","templated":true}]}}