{"id":82,"date":"2017-12-02T14:06:11","date_gmt":"2017-12-02T13:06:11","guid":{"rendered":"https:\/\/larcade790106706.wordpress.com\/?page_id=82"},"modified":"2017-12-02T14:06:11","modified_gmt":"2017-12-02T13:06:11","slug":"demenagement","status":"publish","type":"page","link":"http:\/\/larcade.ch\/larcadewp\/locataires\/demenagement\/","title":{"rendered":"D\u00e9m\u00e9nagement"},"content":{"rendered":"<p>&nbsp;<\/p>\n<p>LE DEMENAGEMENT<\/p>\n<p>Aussit\u00f4t que possible:<\/p>\n<p>\u2022v\u00e9rifier attentivement le nouveau contrat de bail, si n\u00e9cessaire nous demander de l&rsquo;aide.<br \/>\n\u2022r\u00e9silier l&rsquo;ancien contrat dans les formes et d\u00e9lais, mais seulement si le nouveau est conclu.<br \/>\n\u2022En cas de nouvelle construction, s&rsquo;enqu\u00e9rir aupr\u00e8s de la g\u00e9rance des finitions envisag\u00e9es (tapis de fond, couleurs des peintures, prises, raccordement t\u00e9l\u00e9phonique, etc.).<br \/>\n\u2022Annoncer les d\u00e9g\u00e2ts caus\u00e9s \u00e0 l&rsquo;appartement \u00e0 la g\u00e9rance et \u00e0 l&rsquo;assurance responsabilit\u00e9 civile.<br \/>\n\u2022Demander \u00e0 son employeur le jour de cong\u00e9 l\u00e9gal (au moins 1 jour) accord\u00e9 pour le d\u00e9m\u00e9nagement.<br \/>\n\u2022Mandater une entreprise de d\u00e9m\u00e9nagement. Confirmer par \u00e9crit le mandat et la date exacte.<br \/>\n\u2022D\u00e9m\u00e9nagement effectu\u00e9 soi-m\u00eame: engager des aides appropri\u00e9es. R\u00e9server un v\u00e9hicule de location (en cas de d\u00e9m\u00e9nagement pour un terme usuel, le faire le plus t\u00f4t possible).<br \/>\n\u2022Mandater une entreprise de nettoyage. Confirmer par \u00e9crit le mandat et la date exacte.<br \/>\n\u2022Nettoyages effectu\u00e9s soi-m\u00eame: engager les aides appropri\u00e9es.<br \/>\n\u2022Commander les r\u00e9parations \u00e0 charge du locataire.<br \/>\n\u2022D\u00e9chets: d\u00e9blayer l&rsquo;appartement, les locaux annexes, le jardin. Organiser leur enl\u00e8vement. Remettre en ordre le jardin, dans le cas o\u00f9 le contrat le pr\u00e9voit.<br \/>\n\u2022Ecole: informer les autorit\u00e9s scolaires de l&rsquo;ancienne et de la nouvelle \u00e9cole.<br \/>\n4 semaines avant le d\u00e9m\u00e9nagement:<\/p>\n<p>\u2022Effectuer les changements d&rsquo;adresse:<br \/>\n\u2022Banque, office de ch\u00e8ques postaux<br \/>\n\u2022Services industriels<br \/>\n\u2022Contr\u00f4le des habitants<br \/>\n\u2022Changer les papiers d&rsquo;identit\u00e9<br \/>\n\u2022Chef de section (Arm\u00e9e)<br \/>\n\u2022Caisse de compensation (ind\u00e9pendants et rentiers)<br \/>\n\u2022M\u00e9decin \/ dentiste<br \/>\n\u2022Place de travail<br \/>\n\u2022Ecole \/ jardin d&rsquo;enfant<br \/>\n\u2022Service des autos \/ changement sur permis de conduire et de circulation<br \/>\n\u2022Caisse maladie et assurances<br \/>\n\u2022Office des imp\u00f4ts<br \/>\n\u2022Abonnements journaux, revues<br \/>\n\u2022Abonnements de service<br \/>\n\u2022Service de livraison \u00e0 domicile<br \/>\n\u2022secr\u00e9tariat d&rsquo;associations, de clubs, de cours<br \/>\n\u2022Poste<br \/>\n\u2022Formulaire de renvoi du courrier (\u00e0 l&rsquo;office de poste)<br \/>\n\u2022Swisscom (annuaire)<br \/>\n\u2022Association suisse pour le marketing direct, M\u00e4nnedorf<br \/>\n\u2022V\u00e9rifier les contrats d&rsquo;assurance, si n\u00e9cessaire modifier la valeur de couverture de l&rsquo;assurance m\u00e9nage (mobilier)<br \/>\n\u2022Commander des nouvelles cartes de visite, timbres humides<br \/>\n\u2022Vider le cong\u00e9lateur et les provisions en r\u00e9serve \u00e0 la cave, ainsi que les conserves. V\u00e9rifier si l&rsquo;endroit o\u00f9 le cong\u00e9lateur sera pos\u00e9 dans le nouvel appartement est dot\u00e9 d&rsquo;une prise \u00e9lectrique ad hoc<br \/>\n\u2022Transporter les r\u00e9serves de nourriture au nouvel appartement<br \/>\n\u2022Commander les nouveaux am\u00e9nagements et les faire livrer \u00e0 la nouvelle adresse<br \/>\n\u2022Contr\u00f4ler les cl\u00e9s, pr\u00e9vues selon le contrat ou selon liste sur l&rsquo;\u00e9tat des lieux;<br \/>\n2 semaines avant le d\u00e9m\u00e9nagement:<\/p>\n<p>\u2022Entreprendre les petites r\u00e9parations qui incombent au locataire;<br \/>\n\u2022Se procurer le mat\u00e9riel d&#8217;emballage (cartons..) en quantit\u00e9s suffisantes<br \/>\n\u25e6Emballer: le objets non indispensables comme les livres, disques, vaisselle, habits, cave \u00e0 vins et indiquer clairement sur l&#8217;emballage l&rsquo;endroit de destination (pi\u00e8ce)<br \/>\n\u25e6Informer les voisins et le concierge (bruit du d\u00e9m\u00e9nagement et utilisation intensive de l&rsquo;ascenseur)<br \/>\n\u2022R\u00e9server une place de parc pour le v\u00e9hicule de transport (aupr\u00e8s du concierge, ou des autorit\u00e9s, telle que police locale). Au nouvel et ancien appartement.<br \/>\n1 semaine avant le d\u00e9m\u00e9nagement:<\/p>\n<p>\u2022T\u00e9l\u00e9phone: annonce le d\u00e9m\u00e9nagement \u00e0 Swisscom (no vert 0800 800 113) ou \u00e0 l&rsquo;aide du formulaire d&rsquo;annonce se trouvant dans l&rsquo;annuaire;<br \/>\n\u2022Radio\/TV: annonce \u00e0 Billag, t\u00e9l. 0844 834 834;<br \/>\n\u2022Restitution de l&rsquo;appartement: discuter des modalit\u00e9s avec le bailleur. Informer l&rsquo;entreprise de transport ou celle de nettoyages en cas de changement.<br \/>\n\u2022Nourriture: planifier les derniers repas avant le d\u00e9m\u00e9nagement, afin de laisser les armoires et le r\u00e9frig\u00e9rateur vides;<br \/>\n\u2022S\u00e9parer les objets fragiles (\u00e9galement les liquides), ainsi que les objets dangereux (poisons, armes) et les identifier clairement;<br \/>\n\u2022D\u00e9monter les meubles, dans la mesure o\u00f9 le d\u00e9m\u00e9nageur ne le fait pas; mettre les petites pi\u00e8ces m\u00e9talliques, vis, etc.. dans sachet et l&rsquo;attacher;<br \/>\n\u2022Prot\u00e9ger les sols.<br \/>\nLes deux derniers jours avant le d\u00e9m\u00e9nagement:<\/p>\n","protected":false},"excerpt":{"rendered":"<p>&nbsp; LE DEMENAGEMENT Aussit\u00f4t que possible: \u2022v\u00e9rifier attentivement le nouveau contrat de bail, si n\u00e9cessaire nous demander de l&rsquo;aide. \u2022r\u00e9silier l&rsquo;ancien contrat [&hellip;]<\/p>\n","protected":false},"author":1,"featured_media":0,"parent":78,"menu_order":2,"comment_status":"closed","ping_status":"closed","template":"","meta":{"footnotes":""},"class_list":["post-82","page","type-page","status-publish","hentry"],"_links":{"self":[{"href":"http:\/\/larcade.ch\/larcadewp\/wp-json\/wp\/v2\/pages\/82","targetHints":{"allow":["GET"]}}],"collection":[{"href":"http:\/\/larcade.ch\/larcadewp\/wp-json\/wp\/v2\/pages"}],"about":[{"href":"http:\/\/larcade.ch\/larcadewp\/wp-json\/wp\/v2\/types\/page"}],"author":[{"embeddable":true,"href":"http:\/\/larcade.ch\/larcadewp\/wp-json\/wp\/v2\/users\/1"}],"replies":[{"embeddable":true,"href":"http:\/\/larcade.ch\/larcadewp\/wp-json\/wp\/v2\/comments?post=82"}],"version-history":[{"count":0,"href":"http:\/\/larcade.ch\/larcadewp\/wp-json\/wp\/v2\/pages\/82\/revisions"}],"up":[{"embeddable":true,"href":"http:\/\/larcade.ch\/larcadewp\/wp-json\/wp\/v2\/pages\/78"}],"wp:attachment":[{"href":"http:\/\/larcade.ch\/larcadewp\/wp-json\/wp\/v2\/media?parent=82"}],"curies":[{"name":"wp","href":"https:\/\/api.w.org\/{rel}","templated":true}]}}