{"id":80,"date":"2017-12-02T14:02:19","date_gmt":"2017-12-02T13:02:19","guid":{"rendered":"https:\/\/larcade790106706.wordpress.com\/?page_id=80"},"modified":"2017-12-15T16:08:43","modified_gmt":"2017-12-15T15:08:43","slug":"recherche-dun-logement","status":"publish","type":"page","link":"http:\/\/larcade.ch\/larcadewp\/locataires\/recherche-dun-logement\/","title":{"rendered":"Recherche d&rsquo;un logement"},"content":{"rendered":"<p>Recherche d&rsquo;un logement<\/p>\n<p>Comment allez-vous proc\u00e9der ?<br \/>\n\u2022 Consultez notre site rubrique \u00ab\u00a0Location\u00a0\u00bb et prenez aussit\u00f4t contact avec la personne concern\u00e9e par l&rsquo;objet qui vous int\u00e9resse.<br \/>\n\u2022 Vous pouvez \u00e9galement profiter de nos listes d&rsquo;objets disponibles distribu\u00e9es gratuitement \u00e0 notre bureau ou appeler notre num\u00e9ro et bien \u00e9videmment par e-mail.<\/p>\n<p>BUDGET<\/p>\n<p style=\"text-align: justify;\">En mati\u00e8re de logement, comme dans bien d&rsquo;autres domaines, tout devient vite une question d&rsquo;argent. Selon l&rsquo;importance que vous accordez \u00e0 votre habitation, vous serez pr\u00eat \u00e0 y consacrer une part plus ou moins grande de vos revenus. Rappelons \u00e0 ce sujet un principe de base qui permet d&rsquo;\u00e9tablir un budget raisonnable : d&rsquo;une mani\u00e8re g\u00e9n\u00e9rale, le loyer et les charges annexes ne doivent pas repr\u00e9senter plus de 30 % de vos revenus nets.<\/p>\n<p>SITUATION &amp; ENVIRONNEMENT<\/p>\n<p>Sur le moment, on a souvent tendance \u00e0 n\u00e9gliger certains d\u00e9sagr\u00e9ments qui, par la suite, peuvent entra\u00eener un \u00e9tat de frustration permanent.<\/p>\n<p style=\"text-align: justify;\">C&rsquo;est pourquoi nous vous recommandons de vous renseigner sur toutes les commodit\u00e9s, soit transports publics, commerces \u00e0 proximit\u00e9, \u00e9cole, jardin d&rsquo;enfants, loisirs, etc&#8230; Le coefficient fiscal a \u00e9galement son importance ; il peut \u00eatre int\u00e9ressant de payer un loyer un peu plus \u00e9lev\u00e9 si, en contrepartie, cela permet d&rsquo;\u00e9conomiser quelques milliers de francs au niveau des imp\u00f4ts.<\/p>\n","protected":false},"excerpt":{"rendered":"<p>Recherche d&rsquo;un logement Comment allez-vous proc\u00e9der ? \u2022 Consultez notre site rubrique \u00ab\u00a0Location\u00a0\u00bb et prenez aussit\u00f4t contact avec la personne concern\u00e9e par [&hellip;]<\/p>\n","protected":false},"author":1,"featured_media":0,"parent":78,"menu_order":1,"comment_status":"closed","ping_status":"closed","template":"","meta":{"footnotes":""},"class_list":["post-80","page","type-page","status-publish","hentry"],"_links":{"self":[{"href":"http:\/\/larcade.ch\/larcadewp\/wp-json\/wp\/v2\/pages\/80","targetHints":{"allow":["GET"]}}],"collection":[{"href":"http:\/\/larcade.ch\/larcadewp\/wp-json\/wp\/v2\/pages"}],"about":[{"href":"http:\/\/larcade.ch\/larcadewp\/wp-json\/wp\/v2\/types\/page"}],"author":[{"embeddable":true,"href":"http:\/\/larcade.ch\/larcadewp\/wp-json\/wp\/v2\/users\/1"}],"replies":[{"embeddable":true,"href":"http:\/\/larcade.ch\/larcadewp\/wp-json\/wp\/v2\/comments?post=80"}],"version-history":[{"count":2,"href":"http:\/\/larcade.ch\/larcadewp\/wp-json\/wp\/v2\/pages\/80\/revisions"}],"predecessor-version":[{"id":343,"href":"http:\/\/larcade.ch\/larcadewp\/wp-json\/wp\/v2\/pages\/80\/revisions\/343"}],"up":[{"embeddable":true,"href":"http:\/\/larcade.ch\/larcadewp\/wp-json\/wp\/v2\/pages\/78"}],"wp:attachment":[{"href":"http:\/\/larcade.ch\/larcadewp\/wp-json\/wp\/v2\/media?parent=80"}],"curies":[{"name":"wp","href":"https:\/\/api.w.org\/{rel}","templated":true}]}}