{"id":8,"date":"2017-11-29T11:36:58","date_gmt":"2017-11-29T10:36:58","guid":{"rendered":"https:\/\/larcade790106706.wordpress.com\/?page_id=5"},"modified":"2017-12-15T16:14:59","modified_gmt":"2017-12-15T15:14:59","slug":"accueil","status":"publish","type":"page","link":"http:\/\/larcade.ch\/larcadewp\/","title":{"rendered":"Accueil"},"content":{"rendered":"<p style=\"text-align: justify;\"><img loading=\"lazy\" decoding=\"async\" class=\" wp-image-250 alignleft\" src=\"http:\/\/larcade.ch\/larcadewp\/wp-content\/uploads\/2017\/12\/oeil-300x225.jpg\" alt=\"\" width=\"150\" height=\"113\" \/><span style=\"color: #000000;\"><strong>Un autre regard sur l&rsquo;immobilier<\/strong><\/span><\/p>\n<p style=\"text-align: justify;\">Pour offrir un service personnalis\u00e9 et de qualit\u00e9,\u00a0la soci\u00e9t\u00e9, L&rsquo;Arcade S\u00e0rl, a \u00e9t\u00e9 cr\u00e9\u00e9e en\u00a0d\u00e9cembre 2001, le capital social enti\u00e8rement lib\u00e9r\u00e9 est en mains de ses 2 associ\u00e9s-g\u00e9rants; M.\u00a0<b>Claude Chirichiello<\/b>, g\u00e9rant, assurant la direction technique et M. <b>Roberto Salomone<\/b>, comptable, la direction financi\u00e8re et administrative.<\/p>\n<p style=\"text-align: justify;\" align=\"justify\">La soci\u00e9t\u00e9 est d\u00e9pourvue de toute sp\u00e9culation hasardeuse, offrant ainsi toutes garanties financi\u00e8res.\u00a0 Gr\u00e2ce \u00e0 la stabilit\u00e9 dans l&rsquo;organisation et l&rsquo;administration de l&rsquo;entreprise par son personnel qualifi\u00e9, elle a acquis une fid\u00e8le client\u00e8le au cours des ann\u00e9es.<\/p>\n<p style=\"text-align: justify;\" align=\"justify\">A la base, les activit\u00e9s d\u00e9ploy\u00e9es par une agence immobili\u00e8re sont une affaire de confiance, que l&rsquo;Arcade S\u00e0rl se fait un point d&rsquo;honneur d&rsquo;entretenir avec ses clients, d\u00e9veloppant ainsi des relations de partenariat privil\u00e9gi\u00e9es.<\/p>\n<p style=\"text-align: justify;\" align=\"justify\">De ce fait, sa petite \u00e9quipe est votre meilleure alternative pour toutes questions relatives \u00e0:<\/p>\n<p align=\"justify\"><img loading=\"lazy\" decoding=\"async\" class=\"alignnone size-medium wp-image-277\" src=\"http:\/\/larcade.ch\/larcadewp\/wp-content\/uploads\/2017\/12\/gestion-300x189.jpg\" alt=\"\" width=\"300\" height=\"189\" srcset=\"http:\/\/larcade.ch\/larcadewp\/wp-content\/uploads\/2017\/12\/gestion-300x189.jpg 300w, http:\/\/larcade.ch\/larcadewp\/wp-content\/uploads\/2017\/12\/gestion.jpg 320w\" sizes=\"auto, (max-width: 300px) 100vw, 300px\" \/><\/p>\n<ul>\n<li style=\"text-align: justify;\">\n<div style=\"text-align: left;\" align=\"justify\"><b>G\u00e9rance et location\u00a0 <\/b><\/div>\n<\/li>\n<li style=\"text-align: left;\">\n<div align=\"justify\"><b>Administration de PPE\u00a0 <\/b><\/div>\n<\/li>\n<li style=\"text-align: left;\">\n<div align=\"justify\"><b>Achat et vente d&rsquo;immeubles\u00a0 <\/b><\/div>\n<\/li>\n<li style=\"text-align: left;\">\n<div align=\"justify\"><b>Transformations &#8211; Mises en valeur\u00a0 <\/b><\/div>\n<\/li>\n<li style=\"text-align: left;\">\n<div align=\"justify\"><b>Expertises et comptabilit\u00e9 immobili\u00e8res\u00a0<\/b><\/div>\n<\/li>\n<li style=\"text-align: left;\">\n<div style=\"text-align: justify;\" align=\"justify\"><b>D\u00e9clarations fiscales :\u00a0personnes physiques et morales<\/b><\/div>\n<\/li>\n<\/ul>\n<p style=\"text-align: left;\" align=\"justify\">\n","protected":false},"excerpt":{"rendered":"<p>Un autre regard sur l&rsquo;immobilier Pour offrir un service personnalis\u00e9 et de qualit\u00e9,\u00a0la soci\u00e9t\u00e9, L&rsquo;Arcade S\u00e0rl, a \u00e9t\u00e9 cr\u00e9\u00e9e en\u00a0d\u00e9cembre 2001, le [&hellip;]<\/p>\n","protected":false},"author":1,"featured_media":0,"parent":0,"menu_order":0,"comment_status":"closed","ping_status":"closed","template":"","meta":{"footnotes":""},"class_list":["post-8","page","type-page","status-publish","hentry"],"_links":{"self":[{"href":"http:\/\/larcade.ch\/larcadewp\/wp-json\/wp\/v2\/pages\/8","targetHints":{"allow":["GET"]}}],"collection":[{"href":"http:\/\/larcade.ch\/larcadewp\/wp-json\/wp\/v2\/pages"}],"about":[{"href":"http:\/\/larcade.ch\/larcadewp\/wp-json\/wp\/v2\/types\/page"}],"author":[{"embeddable":true,"href":"http:\/\/larcade.ch\/larcadewp\/wp-json\/wp\/v2\/users\/1"}],"replies":[{"embeddable":true,"href":"http:\/\/larcade.ch\/larcadewp\/wp-json\/wp\/v2\/comments?post=8"}],"version-history":[{"count":6,"href":"http:\/\/larcade.ch\/larcadewp\/wp-json\/wp\/v2\/pages\/8\/revisions"}],"predecessor-version":[{"id":352,"href":"http:\/\/larcade.ch\/larcadewp\/wp-json\/wp\/v2\/pages\/8\/revisions\/352"}],"wp:attachment":[{"href":"http:\/\/larcade.ch\/larcadewp\/wp-json\/wp\/v2\/media?parent=8"}],"curies":[{"name":"wp","href":"https:\/\/api.w.org\/{rel}","templated":true}]}}