{"id":60,"date":"2017-12-02T11:38:18","date_gmt":"2017-12-02T10:38:18","guid":{"rendered":"https:\/\/larcade790106706.wordpress.com\/?page_id=60"},"modified":"2017-12-23T18:17:03","modified_gmt":"2017-12-23T17:17:03","slug":"proprietaires-2","status":"publish","type":"page","link":"http:\/\/larcade.ch\/larcadewp\/proprietaires-2\/","title":{"rendered":"Propri\u00e9taires"},"content":{"rendered":"<p style=\"text-align: justify;\">Cette page est \u00e0 disposition des propri\u00e9taires,\u00a0vous y trouverez nos derni\u00e8res informations et d&rsquo;autres renseignements utiles, tels que calculs, investissements&#8230; N&rsquo;h\u00e9sitez pas \u00e0 nous informer si vous d\u00e9sirez une rubrique en particulier, nous ferons tout notre possible pour l&rsquo;ajouter.<\/p>\n<ul>\n<li><a href=\"http:\/\/larcade.ch\/larcadewp\/proprietaires-2\/acces-a-la-propriete\/\"><span class=\"titre_rubrique\">L&rsquo;acc\u00e8s \u00e0 la propri\u00e9t\u00e9<\/span><\/a><\/li>\n<li><a href=\"http:\/\/larcade.ch\/larcadewp\/proprietaires-2\/proprietaires\/\"><span class=\"titre_rubrique\">Confiez-nous\u00a0votre\u00a0immeuble<\/span><\/a><\/li>\n<\/ul>\n","protected":false},"excerpt":{"rendered":"<p>Cette page est \u00e0 disposition des propri\u00e9taires,\u00a0vous y trouverez nos derni\u00e8res informations et d&rsquo;autres renseignements utiles, tels que calculs, investissements&#8230; N&rsquo;h\u00e9sitez pas [&hellip;]<\/p>\n","protected":false},"author":1,"featured_media":0,"parent":0,"menu_order":3,"comment_status":"closed","ping_status":"closed","template":"","meta":{"footnotes":""},"class_list":["post-60","page","type-page","status-publish","hentry"],"_links":{"self":[{"href":"http:\/\/larcade.ch\/larcadewp\/wp-json\/wp\/v2\/pages\/60","targetHints":{"allow":["GET"]}}],"collection":[{"href":"http:\/\/larcade.ch\/larcadewp\/wp-json\/wp\/v2\/pages"}],"about":[{"href":"http:\/\/larcade.ch\/larcadewp\/wp-json\/wp\/v2\/types\/page"}],"author":[{"embeddable":true,"href":"http:\/\/larcade.ch\/larcadewp\/wp-json\/wp\/v2\/users\/1"}],"replies":[{"embeddable":true,"href":"http:\/\/larcade.ch\/larcadewp\/wp-json\/wp\/v2\/comments?post=60"}],"version-history":[{"count":4,"href":"http:\/\/larcade.ch\/larcadewp\/wp-json\/wp\/v2\/pages\/60\/revisions"}],"predecessor-version":[{"id":452,"href":"http:\/\/larcade.ch\/larcadewp\/wp-json\/wp\/v2\/pages\/60\/revisions\/452"}],"wp:attachment":[{"href":"http:\/\/larcade.ch\/larcadewp\/wp-json\/wp\/v2\/media?parent=60"}],"curies":[{"name":"wp","href":"https:\/\/api.w.org\/{rel}","templated":true}]}}