{"id":36,"date":"2017-11-30T17:07:09","date_gmt":"2017-11-30T16:07:09","guid":{"rendered":"https:\/\/larcade790106706.wordpress.com\/?page_id=36"},"modified":"2018-01-13T21:40:24","modified_gmt":"2018-01-13T20:40:24","slug":"services-2","status":"publish","type":"page","link":"http:\/\/larcade.ch\/larcadewp\/services-2\/","title":{"rendered":"Services"},"content":{"rendered":"<div id=\"pl-36\"  class=\"panel-layout\" ><div id=\"pg-36-0\"  class=\"panel-grid panel-has-style\" ><div style=\"padding: 100px 0; \" data-overlay=\"true\" class=\"panel-row-style panel-row-style-for-36-0\" ><div id=\"pgc-36-0-0\"  class=\"panel-grid-cell\" ><div id=\"panel-36-0-0-0\" class=\"so-panel widget widget_sydney_services_type_a sydney_services_widget panel-first-child panel-last-child\" data-index=\"0\" ><div style=\"text-align: left;\" data-title-color=\"#443f3f\" data-headings-color=\"#443f3f\" class=\"panel-widget-style panel-widget-style-for-36-0-0-0\" >\t\t\t\r\n\t\t\t\t\t\t\t\t\t\t\t\t\t\t\t\t\t\t\t\t\t\t\t\t\t\t\t\t\t<div class=\"service col-md-4\">\r\n\t\t\t\t\t\t\t\t\t\t\t\t\t<div class=\"roll-icon-box\">\r\n\t\t\t\t\t\t\t\t\t\t\t\r\n\t\t\t\t\t\t\t\t\t<div class=\"icon\">\r\n\t\t\t\t\t\t\t\t\t\t\t\t\t\t\t\t\t\t\t\t\t<i class=\"fa fa-building\"><\/i>\t\t\t\t\t\t\t\t\t\t\t\t\t\t\t\t\t\t\t<\/div>\r\n\t\t\t\t\t\t\t\t\t\t\t\t\t\t\t\t<div class=\"content\">\r\n\t\t\t\t\t\t\t\t\t<h3>\r\n\t\t\t\t\t\t\t\t\t\t\t\t\t\t\t\t\t\t\t\t\tGestion locative\t\t\t\t\t\t\t\t\t\t\t\t\t\t\t\t\t\t\t<\/h3>\r\n\t\t\t\t\t\t\t\t\t\t\t\t\t\t\t\t\t\r\n\t\t\t\t\t\t\t\t\t\t<p>Mise en location<\/p>\n<p>Renseignements g\u00e9n\u00e9raux apr\u00e8s demande de location<\/p>\n<p>Conclusion du contrat de bail<\/p>\n<p>Contr\u00f4le des s\u00fbret\u00e9s \u00e0 fournir<\/p>\n<p>Entr\u00e9e du locataire et \u00e9tat des lieux<\/p>\n\t\t\t\t\t\t\t\t\t\t\t\t\t\t\t\t\t<\/div><!--.info-->\t\r\n\t\t\t\t\t\t\t<\/div>\r\n\t\t\t\t\t\t<\/div>\r\n\t\t\t\t\t\t\t\t\t\t\t\t\t\t\t\t\t\t\t\t\t\t\t\t\t\t\t\t\t<div class=\"service col-md-4\">\r\n\t\t\t\t\t\t\t\t\t\t\t\t\t<div class=\"roll-icon-box\">\r\n\t\t\t\t\t\t\t\t\t\t\t\r\n\t\t\t\t\t\t\t\t\t<div class=\"icon\">\r\n\t\t\t\t\t\t\t\t\t\t\t\t\t\t\t\t\t\t\t\t\t<i class=\"fa fa-calculator\"><\/i>\t\t\t\t\t\t\t\t\t\t\t\t\t\t\t\t\t\t\t<\/div>\r\n\t\t\t\t\t\t\t\t\t\t\t\t\t\t\t\t<div class=\"content\">\r\n\t\t\t\t\t\t\t\t\t<h3>\r\n\t\t\t\t\t\t\t\t\t\t\t\t\t\t\t\t\t\t\t\t\tGestion financi\u00e8re\t\t\t\t\t\t\t\t\t\t\t\t\t\t\t\t\t\t\t<\/h3>\r\n\t\t\t\t\t\t\t\t\t\t\t\t\t\t\t\t\t\r\n\t\t\t\t\t\t\t\t\t\t<p>Organisation et encaissements des loyers, acomptes de chauffage, frais accessoires et produits divers<\/p>\n<p>Contr\u00f4le de la conformit\u00e9 des versements aux clauses du bail<\/p>\n<p>Encaissement des subventions f\u00e9d\u00e9rales, cantonales et communales<\/p>\n<p>Rappels dans le cadre d\u2019une proc\u00e9dure \u00e0 l\u2019amiable<\/p>\n<p>Mise en demeure du locataire<\/p>\n<p>Organisation et paiement des charges d\u2019immeuble<\/p>\n<p>Etablissement d\u2019un compte d\u2019exploitation annuel<\/p>\n<p>Etablissement d\u2019un d\u00e9compte de chauffage annuel<\/p>\n<p>Versement du disponible au propri\u00e9taire<\/p>\n\t\t\t\t\t\t\t\t\t\t\t\t\t\t\t\t\t<\/div><!--.info-->\t\r\n\t\t\t\t\t\t\t<\/div>\r\n\t\t\t\t\t\t<\/div>\r\n\t\t\t\t\t\t\t\t\t\t\t\t\t\t\t\t\t\t\t\t\t\t\t\t\t\t\t\t\t<div class=\"service col-md-4\">\r\n\t\t\t\t\t\t\t\t\t\t\t\t\t<div class=\"roll-icon-box\">\r\n\t\t\t\t\t\t\t\t\t\t\t\r\n\t\t\t\t\t\t\t\t\t<div class=\"icon\">\r\n\t\t\t\t\t\t\t\t\t\t\t\t\t\t\t\t\t\t\t\t\t<i class=\"fa fa-wrench\"><\/i>\t\t\t\t\t\t\t\t\t\t\t\t\t\t\t\t\t\t\t<\/div>\r\n\t\t\t\t\t\t\t\t\t\t\t\t\t\t\t\t<div class=\"content\">\r\n\t\t\t\t\t\t\t\t\t<h3>\r\n\t\t\t\t\t\t\t\t\t\t\t\t\t\t\t\t\t\t\t\t\tGestion technique\t\t\t\t\t\t\t\t\t\t\t\t\t\t\t\t\t\t\t<\/h3>\r\n\t\t\t\t\t\t\t\t\t\t\t\t\t\t\t\t\t\r\n\t\t\t\t\t\t\t\t\t\t<p>Visites d\u2019immeubles p\u00e9riodiques<\/p>\n<p>Constat de sinistres<\/p>\n<p>\u00c9tude de travaux d\u2019entretien courant<\/p>\n<p>Sur appel d\u2019un locataire<\/p>\n<p>Surveillance de travaux d\u2019entretien courant<\/p>\n<p>Engagement du concierge et \u00e9tablissement de son cahier des charges<\/p>\n<p>Surveillance du travail de conciergerie<\/p>\n<p>D\u00e9finition des travaux sp\u00e9ciaux de nettoyage et d\u00e9sinfection<\/p>\n<p>Visite des appartements vacants<\/p>\n<p>Remise et reprise des appartements<\/p>\n<p>Conservation des cl\u00e9s<\/p>\n<p>Gestion des sinistres<\/p>\n\t\t\t\t\t\t\t\t\t\t\t\t\t\t\t\t\t<\/div><!--.info-->\t\r\n\t\t\t\t\t\t\t<\/div>\r\n\t\t\t\t\t\t<\/div>\r\n\t\t\t\t\t\t\t\t\t\t\t\t\t\t\t\t\t\t\t\t\t\t\t\t\t\t\t\t\t<div class=\"service col-md-4\">\r\n\t\t\t\t\t\t\t\t\t\t\t\t\t<div class=\"roll-icon-box\">\r\n\t\t\t\t\t\t\t\t\t\t\t\r\n\t\t\t\t\t\t\t\t\t<div class=\"icon\">\r\n\t\t\t\t\t\t\t\t\t\t\t\t\t\t\t\t\t\t\t\t\t<i class=\"fa fa-user\"><\/i>\t\t\t\t\t\t\t\t\t\t\t\t\t\t\t\t\t\t\t<\/div>\r\n\t\t\t\t\t\t\t\t\t\t\t\t\t\t\t\t<div class=\"content\">\r\n\t\t\t\t\t\t\t\t\t<h3>\r\n\t\t\t\t\t\t\t\t\t\t\t\t\t\t\t\t\t\t\t\t\tGestion administrative\t\t\t\t\t\t\t\t\t\t\t\t\t\t\t\t\t\t\t<\/h3>\r\n\t\t\t\t\t\t\t\t\t\t\t\t\t\t\t\t\t\r\n\t\t\t\t\t\t\t\t\t\t<p>Conservation des contrats<\/p>\n<p>Contr\u00f4le de leur ex\u00e9cution<\/p>\n<p>Avenants \u00e9ventuels<\/p>\n<p>Ex\u00e9cutions r\u00e9guli\u00e8res des modifications contractuelles<\/p>\n<p>Traitement des r\u00e9siliations contractuelles<\/p>\n<p>Formalit\u00e9s de sortie du locataire<\/p>\n<p>Ex\u00e9cution g\u00e9n\u00e9rale des clauses du bail<\/p>\n<p>Discipline dans l\u2019immeuble<\/p>\n<p>R\u00e8glement \u00e0 l\u2019amiable des contestations<\/p>\n<p>Relations avec les voisins et les services publics<\/p>\n<p>Repr\u00e9sentation du propri\u00e9taire dans les relations avec les services publics<\/p>\n<p>Repr\u00e9sentation du propri\u00e9taire dans les contrats (assurance, baux, contrats d\u2019entretien)<\/p>\n<p>Repr\u00e9sentation du propri\u00e9taire dans les relations de travail avec le concierge, nettoyeurs ou agents techniques<\/p>\n<p>&nbsp;<\/p>\n\t\t\t\t\t\t\t\t\t\t\t\t\t\t\t\t\t<\/div><!--.info-->\t\r\n\t\t\t\t\t\t\t<\/div>\r\n\t\t\t\t\t\t<\/div>\r\n\t\t\t\t\t\t\t\t\t\t\t\t\t\t\t\t\t\t\t\t\t\t\t\t\t\t\t\t\t<div class=\"service col-md-4\">\r\n\t\t\t\t\t\t\t\t\t\t\t\t\t<div class=\"roll-icon-box\">\r\n\t\t\t\t\t\t\t\t\t\t\t\r\n\t\t\t\t\t\t\t\t\t<div class=\"icon\">\r\n\t\t\t\t\t\t\t\t\t\t\t\t\t\t\t\t\t\t\t\t\t<i class=\"fa fa-desktop\"><\/i>\t\t\t\t\t\t\t\t\t\t\t\t\t\t\t\t\t\t\t<\/div>\r\n\t\t\t\t\t\t\t\t\t\t\t\t\t\t\t\t<div class=\"content\">\r\n\t\t\t\t\t\t\t\t\t<h3>\r\n\t\t\t\t\t\t\t\t\t\t\t\t\t\t\t\t\t\t\t\t\tTenue des \u00e9ch\u00e9anciers\t\t\t\t\t\t\t\t\t\t\t\t\t\t\t\t\t\t\t<\/h3>\r\n\t\t\t\t\t\t\t\t\t\t\t\t\t\t\t\t\t\r\n\t\t\t\t\t\t\t\t\t\t<p>Baux \u00e0 loyer d\u2019habitation et commerciaux<\/p>\n<p>Garanties locatives<\/p>\n<p>Polices d\u2019assurances<\/p>\n<p>Entretien de l\u2019immeuble<\/p>\n<p>Eentretien de la chaufferie<\/p>\n\t\t\t\t\t\t\t\t\t\t\t\t\t\t\t\t\t<\/div><!--.info-->\t\r\n\t\t\t\t\t\t\t<\/div>\r\n\t\t\t\t\t\t<\/div>\r\n\t\t\t\t\t\t\t\t\t\t\t\t\t\t\t\t\t\t\t\t\t\t\t\t\t\t\t\t\t<div class=\"service col-md-4\">\r\n\t\t\t\t\t\t\t\t\t\t\t\t\t<div class=\"roll-icon-box\">\r\n\t\t\t\t\t\t\t\t\t\t\t\r\n\t\t\t\t\t\t\t\t\t<div class=\"icon\">\r\n\t\t\t\t\t\t\t\t\t\t\t\t\t\t\t\t\t\t\t\t\t<i class=\"fa fa-ellipsis-h\"><\/i>\t\t\t\t\t\t\t\t\t\t\t\t\t\t\t\t\t\t\t<\/div>\r\n\t\t\t\t\t\t\t\t\t\t\t\t\t\t\t\t<div class=\"content\">\r\n\t\t\t\t\t\t\t\t\t<h3>\r\n\t\t\t\t\t\t\t\t\t\t\t\t\t\t\t\t\t\t\t\t\tPrestations suppl\u00e9mentaires\t\t\t\t\t\t\t\t\t\t\t\t\t\t\t\t\t\t\t<\/h3>\r\n\t\t\t\t\t\t\t\t\t\t\t\t\t\t\t\t\t\r\n\t\t\t\t\t\t\t\t\t\t<p>Notifications officielles<\/p>\n<p>Repr\u00e9sentation du propri\u00e9taire devants les instances judiciaires (commission de conciliation, Tribunal des baux, etc.)<\/p>\n<p>Pr\u00e9parations des dossiers pour travaux \u00e0 plus-values ou consolidation<\/p>\n<p>Restructuration et revalorisation d\u2019immeuble<\/p>\n<p>R\u00e9novations partielles ou compl\u00e8tes avec les entreprises qualifi\u00e9es<\/p>\n<p>Direction de chantier<\/p>\n<p>Courtage<\/p>\n<p>Expertises immobili\u00e8res<\/p>\n<p>Service fiduciaire et fiscal<\/p>\n\t\t\t\t\t\t\t\t\t\t\t\t\t\t\t\t\t<\/div><!--.info-->\t\r\n\t\t\t\t\t\t\t<\/div>\r\n\t\t\t\t\t\t<\/div>\r\n\t\t\t\t\t\r\n\t\t\t\t\t\t\t\t\r\n\t<\/div><\/div><\/div><\/div><\/div><\/div>","protected":false},"excerpt":{"rendered":"","protected":false},"author":1,"featured_media":0,"parent":0,"menu_order":2,"comment_status":"closed","ping_status":"closed","template":"","meta":{"footnotes":""},"class_list":["post-36","page","type-page","status-publish","hentry"],"_links":{"self":[{"href":"http:\/\/larcade.ch\/larcadewp\/wp-json\/wp\/v2\/pages\/36","targetHints":{"allow":["GET"]}}],"collection":[{"href":"http:\/\/larcade.ch\/larcadewp\/wp-json\/wp\/v2\/pages"}],"about":[{"href":"http:\/\/larcade.ch\/larcadewp\/wp-json\/wp\/v2\/types\/page"}],"author":[{"embeddable":true,"href":"http:\/\/larcade.ch\/larcadewp\/wp-json\/wp\/v2\/users\/1"}],"replies":[{"embeddable":true,"href":"http:\/\/larcade.ch\/larcadewp\/wp-json\/wp\/v2\/comments?post=36"}],"version-history":[{"count":10,"href":"http:\/\/larcade.ch\/larcadewp\/wp-json\/wp\/v2\/pages\/36\/revisions"}],"predecessor-version":[{"id":541,"href":"http:\/\/larcade.ch\/larcadewp\/wp-json\/wp\/v2\/pages\/36\/revisions\/541"}],"wp:attachment":[{"href":"http:\/\/larcade.ch\/larcadewp\/wp-json\/wp\/v2\/media?parent=36"}],"curies":[{"name":"wp","href":"https:\/\/api.w.org\/{rel}","templated":true}]}}